{"id":476,"date":"2026-02-18T17:03:05","date_gmt":"2026-02-18T17:03:05","guid":{"rendered":"https:\/\/galaw.pl\/?page_id=476"},"modified":"2026-03-13T10:54:32","modified_gmt":"2026-03-13T10:54:32","slug":"contact","status":"publish","type":"page","link":"https:\/\/galaw.pl\/en\/kontakt\/","title":{"rendered":"Contact"},"content":{"rendered":"<div data-elementor-type=\"wp-page\" data-elementor-id=\"476\" class=\"elementor elementor-476\">\n\t\t\t\t<div class=\"elementor-element elementor-element-74d9fa1a e-flex e-con-boxed e-con e-parent\" data-id=\"74d9fa1a\" data-element_type=\"container\" data-e-type=\"container\">\n\t\t\t\t\t<div class=\"e-con-inner\">\n\t\t\t\t<div class=\"elementor-element elementor-element-38eec812 elementor-widget elementor-widget-heading\" data-id=\"38eec812\" data-element_type=\"widget\" data-e-type=\"widget\" data-widget_type=\"heading.default\">\n\t\t\t\t\t<h2 class=\"elementor-heading-title elementor-size-default\">Contact<\/h2>\t\t\t\t<\/div>\n\t\t\t\t\t<\/div>\n\t\t\t\t<\/div>\n\t\t<div class=\"elementor-element elementor-element-f2de83f e-flex e-con-boxed e-con e-parent\" data-id=\"f2de83f\" data-element_type=\"container\" data-e-type=\"container\">\n\t\t\t\t\t<div class=\"e-con-inner\">\n\t\t<div class=\"elementor-element elementor-element-b2bb166 e-con-full e-flex e-con e-child\" data-id=\"b2bb166\" data-element_type=\"container\" data-e-type=\"container\" data-settings=\"{&quot;background_background&quot;:&quot;classic&quot;}\">\n\t\t\t\t<div class=\"elementor-element elementor-element-989a8af elementor-widget elementor-widget-image\" data-id=\"989a8af\" data-element_type=\"widget\" data-e-type=\"widget\" data-widget_type=\"image.default\">\n\t\t\t\t\t\t\t\t\t\t\t\t\t\t\t\t<a href=\"https:\/\/galaw.pl\/wp-content\/uploads\/2026\/02\/galaw_wizytowka.vcf\">\n\t\t\t\t\t\t\t<img decoding=\"async\" width=\"150\" height=\"150\" src=\"https:\/\/galaw.pl\/wp-content\/uploads\/2026\/02\/galaw_wizytowka-150x150.png\" class=\"attachment-thumbnail size-thumbnail wp-image-1087\" alt=\"\" srcset=\"https:\/\/galaw.pl\/wp-content\/uploads\/2026\/02\/galaw_wizytowka-150x150.png 150w, https:\/\/galaw.pl\/wp-content\/uploads\/2026\/02\/galaw_wizytowka.png 301w\" sizes=\"(max-width: 150px) 100vw, 150px\" \/>\t\t\t\t\t\t\t\t<\/a>\n\t\t\t\t\t\t\t\t\t\t\t\t\t\t\t<\/div>\n\t\t\t\t<div class=\"elementor-element elementor-element-a9636ed elementor-widget elementor-widget-text-editor\" data-id=\"a9636ed\" data-element_type=\"widget\" data-e-type=\"widget\" data-widget_type=\"text-editor.default\">\n\t\t\t\t\t\t\t\t\t<p><a href=\"tel:+48123456789\">T: +48 12 3151 841<\/a><\/p><p><a href=\"mailto:office@galaw.pl\">E: office@galaw.pl<\/a><\/p>\t\t\t\t\t\t\t\t<\/div>\n\t\t\t\t<\/div>\n\t\t\t\t\t<\/div>\n\t\t\t\t<\/div>\n\t\t<div class=\"elementor-element elementor-element-0ab437d e-flex e-con-boxed e-con e-parent\" data-id=\"0ab437d\" data-element_type=\"container\" data-e-type=\"container\">\n\t\t\t\t\t<div class=\"e-con-inner\">\n\t\t\t\t<div class=\"elementor-element elementor-element-860fc52 elementor-widget elementor-widget-heading\" data-id=\"860fc52\" data-element_type=\"widget\" data-e-type=\"widget\" data-widget_type=\"heading.default\">\n\t\t\t\t\t<h2 class=\"elementor-heading-title elementor-size-default\">Our Offices<\/h2>\t\t\t\t<\/div>\n\t\t<div class=\"elementor-element elementor-element-efee8ff e-con-full e-flex e-con e-child\" data-id=\"efee8ff\" data-element_type=\"container\" data-e-type=\"container\" data-settings=\"{&quot;background_background&quot;:&quot;classic&quot;}\">\n\t\t<div class=\"elementor-element elementor-element-419b853 e-con-full e-flex e-con e-child\" data-id=\"419b853\" data-element_type=\"container\" data-e-type=\"container\">\n\t\t\t\t<div class=\"elementor-element elementor-element-553d41f elementor-widget elementor-widget-text-editor\" data-id=\"553d41f\" data-element_type=\"widget\" data-e-type=\"widget\" data-widget_type=\"text-editor.default\">\n\t\t\t\t\t\t\t\t\t<p><strong>Cracow Office<\/strong><\/p><p>PL 30-308 Krak\u00f3w<\/p><p>ul. Jana Kili\u0144skiego 2 (Kili\u0144skiego Office)<\/p>\t\t\t\t\t\t\t\t<\/div>\n\t\t\t\t<div class=\"elementor-element elementor-element-56da5a8 elementor-widget elementor-widget-google_maps\" data-id=\"56da5a8\" data-element_type=\"widget\" data-e-type=\"widget\" data-widget_type=\"google_maps.default\">\n\t\t\t\t\t\t\t<div class=\"elementor-custom-embed\">\n\t\t\t<iframe loading=\"lazy\"\n\t\t\t\t\tsrc=\"https:\/\/maps.google.com\/maps?q=Krak%C3%B3w%2C%20jana%20kili%C5%84skiego%202&#038;t=m&#038;z=15&#038;output=embed&#038;iwloc=near\"\n\t\t\t\t\ttitle=\"Krak\u00f3w, jana kili\u0144skiego 2\"\n\t\t\t\t\taria-label=\"Krak\u00f3w, jana kili\u0144skiego 2\"\n\t\t\t><\/iframe>\n\t\t<\/div>\n\t\t\t\t\t\t<\/div>\n\t\t\t\t<\/div>\n\t\t<div class=\"elementor-element elementor-element-c66b7ae e-con-full e-flex e-con e-child\" data-id=\"c66b7ae\" data-element_type=\"container\" data-e-type=\"container\">\n\t\t\t\t<div class=\"elementor-element elementor-element-e53a50b elementor-widget elementor-widget-text-editor\" data-id=\"e53a50b\" data-element_type=\"widget\" data-e-type=\"widget\" data-widget_type=\"text-editor.default\">\n\t\t\t\t\t\t\t\t\t<p><strong>Warsaw Office<\/strong><\/p><p>PL 00-876 Warszawa<\/p><p>ul. Ogrodowa 58 (Ogrodowa City Gate)<\/p>\t\t\t\t\t\t\t\t<\/div>\n\t\t\t\t<div class=\"elementor-element elementor-element-9d8af50 elementor-widget elementor-widget-google_maps\" data-id=\"9d8af50\" data-element_type=\"widget\" data-e-type=\"widget\" data-widget_type=\"google_maps.default\">\n\t\t\t\t\t\t\t<div class=\"elementor-custom-embed\">\n\t\t\t<iframe loading=\"lazy\"\n\t\t\t\t\tsrc=\"https:\/\/maps.google.com\/maps?q=Warszawa%20ogrodowa%2058&#038;t=m&#038;z=15&#038;output=embed&#038;iwloc=near\"\n\t\t\t\t\ttitle=\"Warszawa ogrodowa 58\"\n\t\t\t\t\taria-label=\"Warszawa ogrodowa 58\"\n\t\t\t><\/iframe>\n\t\t<\/div>\n\t\t\t\t\t\t<\/div>\n\t\t\t\t<\/div>\n\t\t\t\t<\/div>\n\t\t\t\t\t<\/div>\n\t\t\t\t<\/div>\n\t\t\t\t<\/div>","protected":false},"excerpt":{"rendered":"<p>Kontakt T: +48 12 3151 841 E: office@galaw.pl Dane adresowe Biuro w Krakowie\/ Cracow Office PL 30-308 Krak\u00f3w ul. Jana Kili\u0144skiego 2 (Kili\u0144skiego Office) Biuro w Warszawie\/ Warsaw Office PL 00-876 Warszawa ul. Ogrodowa 58 (Ogrodowa City Gate)<\/p>","protected":false},"author":1,"featured_media":0,"parent":0,"menu_order":0,"comment_status":"closed","ping_status":"closed","template":"elementor_header_footer","meta":{"footnotes":""},"class_list":["post-476","page","type-page","status-publish","hentry"],"yoast_head":"<!-- This site is optimized with the Yoast SEO plugin v27.3 - https:\/\/yoast.com\/product\/yoast-seo-wordpress\/ -->\n<title>Kontakt - GA Law | Kancelaria Adwokacka<\/title>\n<meta name=\"description\" content=\"Potrzebujesz pomocy prawnej? Skontaktuj si\u0119 z GA Law w naszych biurach w Krakowie i Warszawie, aby uzyska\u0107 porady i wsparcie.\" \/>\n<meta name=\"robots\" content=\"index, follow, max-snippet:-1, max-image-preview:large, max-video-preview:-1\" \/>\n<link rel=\"canonical\" href=\"https:\/\/galaw.pl\/en\/contact\/\" \/>\n<meta property=\"og:locale\" content=\"en_GB\" \/>\n<meta property=\"og:type\" content=\"article\" \/>\n<meta property=\"og:title\" content=\"Kontakt - GA Law | Kancelaria Adwokacka\" \/>\n<meta property=\"og:description\" content=\"Potrzebujesz pomocy prawnej? Skontaktuj si\u0119 z GA Law w naszych biurach w Krakowie i Warszawie, aby uzyska\u0107 porady i wsparcie.\" \/>\n<meta property=\"og:url\" content=\"https:\/\/galaw.pl\/en\/contact\/\" \/>\n<meta property=\"og:site_name\" content=\"GA Law | Kancelaria Adwokacka\" \/>\n<meta property=\"article:modified_time\" content=\"2026-03-13T10:54:32+00:00\" \/>\n<meta property=\"og:image\" content=\"https:\/\/galaw.pl\/wp-content\/uploads\/2026\/02\/galaw_wizytowka-150x150.png\" \/>\n<meta name=\"twitter:card\" content=\"summary_large_image\" \/>\n<meta name=\"twitter:label1\" content=\"Estimated reading time\" \/>\n\t<meta name=\"twitter:data1\" content=\"1 minute\" \/>\n<script type=\"application\/ld+json\" class=\"yoast-schema-graph\">{\"@context\":\"https:\\\/\\\/schema.org\",\"@graph\":[{\"@type\":\"WebPage\",\"@id\":\"https:\\\/\\\/galaw.pl\\\/kontakt\\\/\",\"url\":\"https:\\\/\\\/galaw.pl\\\/kontakt\\\/\",\"name\":\"Kontakt - GA Law | Kancelaria Adwokacka\",\"isPartOf\":{\"@id\":\"https:\\\/\\\/galaw.pl\\\/#website\"},\"primaryImageOfPage\":{\"@id\":\"https:\\\/\\\/galaw.pl\\\/kontakt\\\/#primaryimage\"},\"image\":{\"@id\":\"https:\\\/\\\/galaw.pl\\\/kontakt\\\/#primaryimage\"},\"thumbnailUrl\":\"https:\\\/\\\/galaw.pl\\\/wp-content\\\/uploads\\\/2026\\\/02\\\/galaw_wizytowka-150x150.png\",\"datePublished\":\"2026-02-18T17:03:05+00:00\",\"dateModified\":\"2026-03-13T10:54:32+00:00\",\"description\":\"Potrzebujesz pomocy prawnej? Skontaktuj si\u0119 z GA Law w naszych biurach w Krakowie i Warszawie, aby uzyska\u0107 porady i wsparcie.\",\"breadcrumb\":{\"@id\":\"https:\\\/\\\/galaw.pl\\\/kontakt\\\/#breadcrumb\"},\"inLanguage\":\"en-GB\",\"potentialAction\":[{\"@type\":\"ReadAction\",\"target\":[\"https:\\\/\\\/galaw.pl\\\/kontakt\\\/\"]}]},{\"@type\":\"ImageObject\",\"inLanguage\":\"en-GB\",\"@id\":\"https:\\\/\\\/galaw.pl\\\/kontakt\\\/#primaryimage\",\"url\":\"https:\\\/\\\/galaw.pl\\\/wp-content\\\/uploads\\\/2026\\\/02\\\/galaw_wizytowka-150x150.png\",\"contentUrl\":\"https:\\\/\\\/galaw.pl\\\/wp-content\\\/uploads\\\/2026\\\/02\\\/galaw_wizytowka-150x150.png\"},{\"@type\":\"BreadcrumbList\",\"@id\":\"https:\\\/\\\/galaw.pl\\\/kontakt\\\/#breadcrumb\",\"itemListElement\":[{\"@type\":\"ListItem\",\"position\":1,\"name\":\"Home\",\"item\":\"https:\\\/\\\/galaw.pl\\\/\"},{\"@type\":\"ListItem\",\"position\":2,\"name\":\"Kontakt\"}]},{\"@type\":\"WebSite\",\"@id\":\"https:\\\/\\\/galaw.pl\\\/#website\",\"url\":\"https:\\\/\\\/galaw.pl\\\/\",\"name\":\"GA Law | Kancelaria Adwokacka\",\"description\":\"Kancelaria Adwokacka Gradzi Arter | Krak\u00f3w\",\"publisher\":{\"@id\":\"https:\\\/\\\/galaw.pl\\\/#organization\"},\"potentialAction\":[{\"@type\":\"SearchAction\",\"target\":{\"@type\":\"EntryPoint\",\"urlTemplate\":\"https:\\\/\\\/galaw.pl\\\/?s={search_term_string}\"},\"query-input\":{\"@type\":\"PropertyValueSpecification\",\"valueRequired\":true,\"valueName\":\"search_term_string\"}}],\"inLanguage\":\"en-GB\"},{\"@type\":\"Organization\",\"@id\":\"https:\\\/\\\/galaw.pl\\\/#organization\",\"name\":\"Gradzi Arter Law | Kancelaria Adwokacka\",\"url\":\"https:\\\/\\\/galaw.pl\\\/\",\"logo\":{\"@type\":\"ImageObject\",\"inLanguage\":\"en-GB\",\"@id\":\"https:\\\/\\\/galaw.pl\\\/#\\\/schema\\\/logo\\\/image\\\/\",\"url\":\"https:\\\/\\\/galaw.pl\\\/wp-content\\\/uploads\\\/2026\\\/02\\\/logo_final.png\",\"contentUrl\":\"https:\\\/\\\/galaw.pl\\\/wp-content\\\/uploads\\\/2026\\\/02\\\/logo_final.png\",\"width\":1852,\"height\":1168,\"caption\":\"Gradzi Arter Law | Kancelaria Adwokacka\"},\"image\":{\"@id\":\"https:\\\/\\\/galaw.pl\\\/#\\\/schema\\\/logo\\\/image\\\/\"}}]}<\/script>\n<!-- \/ Yoast SEO plugin. -->","yoast_head_json":{"title":"Contact - GA Law | Law Firm","description":"Need legal assistance? Contact GA Law in our offices in Cracow and Warsaw for legal advice and support.","robots":{"index":"index","follow":"follow","max-snippet":"max-snippet:-1","max-image-preview":"max-image-preview:large","max-video-preview":"max-video-preview:-1"},"canonical":"https:\/\/galaw.pl\/en\/contact\/","og_locale":"en_GB","og_type":"article","og_title":"Kontakt - GA Law | Kancelaria Adwokacka","og_description":"Potrzebujesz pomocy prawnej? Skontaktuj si\u0119 z GA Law w naszych biurach w Krakowie i Warszawie, aby uzyska\u0107 porady i wsparcie.","og_url":"https:\/\/galaw.pl\/en\/contact\/","og_site_name":"GA Law | Kancelaria Adwokacka","article_modified_time":"2026-03-13T10:54:32+00:00","og_image":[{"url":"https:\/\/galaw.pl\/wp-content\/uploads\/2026\/02\/galaw_wizytowka-150x150.png","type":"","width":"","height":""}],"twitter_card":"summary_large_image","twitter_misc":{"Estimated reading time":"1 minute"},"schema":{"@context":"https:\/\/schema.org","@graph":[{"@type":"WebPage","@id":"https:\/\/galaw.pl\/kontakt\/","url":"https:\/\/galaw.pl\/kontakt\/","name":"Contact - GA Law | Law Firm","isPartOf":{"@id":"https:\/\/galaw.pl\/#website"},"primaryImageOfPage":{"@id":"https:\/\/galaw.pl\/kontakt\/#primaryimage"},"image":{"@id":"https:\/\/galaw.pl\/kontakt\/#primaryimage"},"thumbnailUrl":"https:\/\/galaw.pl\/wp-content\/uploads\/2026\/02\/galaw_wizytowka-150x150.png","datePublished":"2026-02-18T17:03:05+00:00","dateModified":"2026-03-13T10:54:32+00:00","description":"Need legal assistance? Contact GA Law in our offices in Cracow and Warsaw for legal advice and support.","breadcrumb":{"@id":"https:\/\/galaw.pl\/kontakt\/#breadcrumb"},"inLanguage":"en-GB","potentialAction":[{"@type":"ReadAction","target":["https:\/\/galaw.pl\/kontakt\/"]}]},{"@type":"ImageObject","inLanguage":"en-GB","@id":"https:\/\/galaw.pl\/kontakt\/#primaryimage","url":"https:\/\/galaw.pl\/wp-content\/uploads\/2026\/02\/galaw_wizytowka-150x150.png","contentUrl":"https:\/\/galaw.pl\/wp-content\/uploads\/2026\/02\/galaw_wizytowka-150x150.png"},{"@type":"BreadcrumbList","@id":"https:\/\/galaw.pl\/kontakt\/#breadcrumb","itemListElement":[{"@type":"ListItem","position":1,"name":"Home","item":"https:\/\/galaw.pl\/"},{"@type":"ListItem","position":2,"name":"Kontakt"}]},{"@type":"WebSite","@id":"https:\/\/galaw.pl\/#website","url":"https:\/\/galaw.pl\/","name":"GA Law | Law Firm","description":"Kancelaria Adwokacka Gradzi Arter | Krak\u00f3w","publisher":{"@id":"https:\/\/galaw.pl\/#organization"},"potentialAction":[{"@type":"SearchAction","target":{"@type":"EntryPoint","urlTemplate":"https:\/\/galaw.pl\/?s={search_term_string}"},"query-input":{"@type":"PropertyValueSpecification","valueRequired":true,"valueName":"search_term_string"}}],"inLanguage":"en-GB"},{"@type":"Organization","@id":"https:\/\/galaw.pl\/#organization","name":"Gradzi Arter Law | Kancelaria Adwokacka","url":"https:\/\/galaw.pl\/","logo":{"@type":"ImageObject","inLanguage":"en-GB","@id":"https:\/\/galaw.pl\/#\/schema\/logo\/image\/","url":"https:\/\/galaw.pl\/wp-content\/uploads\/2026\/02\/logo_final.png","contentUrl":"https:\/\/galaw.pl\/wp-content\/uploads\/2026\/02\/logo_final.png","width":1852,"height":1168,"caption":"Gradzi Arter Law | Kancelaria Adwokacka"},"image":{"@id":"https:\/\/galaw.pl\/#\/schema\/logo\/image\/"}}]}},"_links":{"self":[{"href":"https:\/\/galaw.pl\/en\/wp-json\/wp\/v2\/pages\/476","targetHints":{"allow":["GET"]}}],"collection":[{"href":"https:\/\/galaw.pl\/en\/wp-json\/wp\/v2\/pages"}],"about":[{"href":"https:\/\/galaw.pl\/en\/wp-json\/wp\/v2\/types\/page"}],"author":[{"embeddable":true,"href":"https:\/\/galaw.pl\/en\/wp-json\/wp\/v2\/users\/1"}],"replies":[{"embeddable":true,"href":"https:\/\/galaw.pl\/en\/wp-json\/wp\/v2\/comments?post=476"}],"version-history":[{"count":53,"href":"https:\/\/galaw.pl\/en\/wp-json\/wp\/v2\/pages\/476\/revisions"}],"predecessor-version":[{"id":1307,"href":"https:\/\/galaw.pl\/en\/wp-json\/wp\/v2\/pages\/476\/revisions\/1307"}],"wp:attachment":[{"href":"https:\/\/galaw.pl\/en\/wp-json\/wp\/v2\/media?parent=476"}],"curies":[{"name":"wp","href":"https:\/\/api.w.org\/{rel}","templated":true}]}}