{"id":21,"date":"2026-02-02T15:00:24","date_gmt":"2026-02-02T15:00:24","guid":{"rendered":"http:\/\/galaw.pl\/?page_id=21"},"modified":"2026-03-13T12:50:19","modified_gmt":"2026-03-13T12:50:19","slug":"areas-of-practice","status":"publish","type":"page","link":"https:\/\/galaw.pl\/en\/specjalizacje\/","title":{"rendered":"Areas of Practice"},"content":{"rendered":"<div data-elementor-type=\"wp-page\" data-elementor-id=\"21\" class=\"elementor elementor-21\">\n\t\t\t\t<div class=\"elementor-element elementor-element-38cb6c7 e-flex e-con-boxed e-con e-parent\" data-id=\"38cb6c7\" data-element_type=\"container\" data-e-type=\"container\">\n\t\t\t\t\t<div class=\"e-con-inner\">\n\t\t\t\t<div class=\"elementor-element elementor-element-e71f317 elementor-widget elementor-widget-heading\" data-id=\"e71f317\" data-element_type=\"widget\" data-e-type=\"widget\" data-widget_type=\"heading.default\">\n\t\t\t\t\t<h2 class=\"elementor-heading-title elementor-size-default\">Areas of Practice<\/h2>\t\t\t\t<\/div>\n\t\t\t\t\t<\/div>\n\t\t\t\t<\/div>\n\t\t<div class=\"elementor-element elementor-element-495815b2 e-grid e-con-boxed e-con e-parent\" data-id=\"495815b2\" data-element_type=\"container\" data-e-type=\"container\" data-settings=\"{&quot;background_background&quot;:&quot;classic&quot;}\">\n\t\t\t\t\t<div class=\"e-con-inner\">\n\t\t<div class=\"elementor-element elementor-element-186f430b e-con-full e-flex e-con e-child\" data-id=\"186f430b\" data-element_type=\"container\" data-e-type=\"container\" data-settings=\"{&quot;background_background&quot;:&quot;classic&quot;}\">\n\t\t\t\t<div class=\"elementor-element elementor-element-7b9b9493 elementor-widget elementor-widget-text-editor\" data-id=\"7b9b9493\" data-element_type=\"widget\" data-e-type=\"widget\" data-widget_type=\"text-editor.default\">\n\t\t\t\t\t\t\t\t\t<p><a href=\"#oppg\">Legal Services for Businesses<\/a><\/p>\t\t\t\t\t\t\t\t<\/div>\n\t\t\t\t<\/div>\n\t\t<div class=\"elementor-element elementor-element-1a2151fb e-con-full e-flex e-con e-child\" data-id=\"1a2151fb\" data-element_type=\"container\" data-e-type=\"container\" data-settings=\"{&quot;background_background&quot;:&quot;classic&quot;}\">\n\t\t\t\t<div class=\"elementor-element elementor-element-264c0f43 elementor-widget elementor-widget-text-editor\" data-id=\"264c0f43\" data-element_type=\"widget\" data-e-type=\"widget\" data-widget_type=\"text-editor.default\">\n\t\t\t\t\t\t\t\t\t<p><a href=\"#ps\">Corporate Law<\/a><\/p>\t\t\t\t\t\t\t\t<\/div>\n\t\t\t\t<\/div>\n\t\t<div class=\"elementor-element elementor-element-202acae4 e-con-full e-flex e-con e-child\" data-id=\"202acae4\" data-element_type=\"container\" data-e-type=\"container\" data-settings=\"{&quot;background_background&quot;:&quot;classic&quot;}\">\n\t\t\t\t<div class=\"elementor-element elementor-element-95941ca elementor-widget elementor-widget-text-editor\" data-id=\"95941ca\" data-element_type=\"widget\" data-e-type=\"widget\" data-widget_type=\"text-editor.default\">\n\t\t\t\t\t\t\t\t\t<p><a href=\"#uwog\">Commercial Contracts<\/a><\/p>\t\t\t\t\t\t\t\t<\/div>\n\t\t\t\t<\/div>\n\t\t<div class=\"elementor-element elementor-element-4490a1b8 e-con-full e-flex e-con e-child\" data-id=\"4490a1b8\" data-element_type=\"container\" data-e-type=\"container\" data-settings=\"{&quot;background_background&quot;:&quot;classic&quot;}\">\n\t\t\t\t<div class=\"elementor-element elementor-element-6b3adfb6 elementor-widget elementor-widget-text-editor\" data-id=\"6b3adfb6\" data-element_type=\"widget\" data-e-type=\"widget\" data-widget_type=\"text-editor.default\">\n\t\t\t\t\t\t\t\t\t<p><a href=\"#riu\">Restructuring and Insolvency Law<\/a><\/p>\t\t\t\t\t\t\t\t<\/div>\n\t\t\t\t<\/div>\n\t\t<div class=\"elementor-element elementor-element-24763819 e-con-full e-flex e-con e-child\" data-id=\"24763819\" data-element_type=\"container\" data-e-type=\"container\" data-settings=\"{&quot;background_background&quot;:&quot;classic&quot;}\">\n\t\t\t\t<div class=\"elementor-element elementor-element-738ba51a elementor-widget elementor-widget-text-editor\" data-id=\"738ba51a\" data-element_type=\"widget\" data-e-type=\"widget\" data-widget_type=\"text-editor.default\">\n\t\t\t\t\t\t\t\t\t<p><a href=\"#pi\">Interdysciplinary Projects<\/a><\/p>\t\t\t\t\t\t\t\t<\/div>\n\t\t\t\t<\/div>\n\t\t<div class=\"elementor-element elementor-element-7ad37ca0 e-con-full e-flex e-con e-child\" data-id=\"7ad37ca0\" data-element_type=\"container\" data-e-type=\"container\" data-settings=\"{&quot;background_background&quot;:&quot;classic&quot;}\">\n\t\t\t\t<div class=\"elementor-element elementor-element-22c13cee elementor-widget elementor-widget-text-editor\" data-id=\"22c13cee\" data-element_type=\"widget\" data-e-type=\"widget\" data-widget_type=\"text-editor.default\">\n\t\t\t\t\t\t\t\t\t<p><a href=\"#pk\">Criminal Law<\/a><\/p>\t\t\t\t\t\t\t\t<\/div>\n\t\t\t\t<\/div>\n\t\t<div class=\"elementor-element elementor-element-318069be e-con-full e-flex e-con e-child\" data-id=\"318069be\" data-element_type=\"container\" data-e-type=\"container\" data-settings=\"{&quot;background_background&quot;:&quot;classic&quot;}\">\n\t\t\t\t<div class=\"elementor-element elementor-element-1f6e03b1 elementor-widget elementor-widget-text-editor\" data-id=\"1f6e03b1\" data-element_type=\"widget\" data-e-type=\"widget\" data-widget_type=\"text-editor.default\">\n\t\t\t\t\t\t\t\t\t<p><a href=\"#n\">Property Law<\/a><\/p>\t\t\t\t\t\t\t\t<\/div>\n\t\t\t\t<\/div>\n\t\t<div class=\"elementor-element elementor-element-159161a2 e-con-full e-flex e-con e-child\" data-id=\"159161a2\" data-element_type=\"container\" data-e-type=\"container\" data-settings=\"{&quot;background_background&quot;:&quot;classic&quot;}\">\n\t\t\t\t<div class=\"elementor-element elementor-element-77bf564d elementor-widget elementor-widget-text-editor\" data-id=\"77bf564d\" data-element_type=\"widget\" data-e-type=\"widget\" data-widget_type=\"text-editor.default\">\n\t\t\t\t\t\t\t\t\t<p><a href=\"#ssiw\">Litigation and Debt Recovery<\/a><\/p>\t\t\t\t\t\t\t\t<\/div>\n\t\t\t\t<\/div>\n\t\t<div class=\"elementor-element elementor-element-1325ac23 e-con-full e-flex e-con e-child\" data-id=\"1325ac23\" data-element_type=\"container\" data-e-type=\"container\" data-settings=\"{&quot;background_background&quot;:&quot;classic&quot;}\">\n\t\t\t\t<div class=\"elementor-element elementor-element-8637f66 elementor-widget elementor-widget-text-editor\" data-id=\"8637f66\" data-element_type=\"widget\" data-e-type=\"widget\" data-widget_type=\"text-editor.default\">\n\t\t\t\t\t\t\t\t\t<p><a href=\"#riod\">GDPR and Data Protection<\/a><\/p>\t\t\t\t\t\t\t\t<\/div>\n\t\t\t\t<\/div>\n\t\t<div class=\"elementor-element elementor-element-176cce36 e-con-full e-flex e-con e-child\" data-id=\"176cce36\" data-element_type=\"container\" data-e-type=\"container\" data-settings=\"{&quot;background_background&quot;:&quot;classic&quot;}\">\n\t\t\t\t<div class=\"elementor-element elementor-element-2d46b22a elementor-widget elementor-widget-text-editor\" data-id=\"2d46b22a\" data-element_type=\"widget\" data-e-type=\"widget\" data-widget_type=\"text-editor.default\">\n\t\t\t\t\t\t\t\t\t<p><a href=\"#esg\">ESG<\/a><\/p>\t\t\t\t\t\t\t\t<\/div>\n\t\t\t\t<\/div>\n\t\t<div class=\"elementor-element elementor-element-79c56ed5 e-con-full e-flex e-con e-child\" data-id=\"79c56ed5\" data-element_type=\"container\" data-e-type=\"container\" data-settings=\"{&quot;background_background&quot;:&quot;classic&quot;}\">\n\t\t\t\t<div class=\"elementor-element elementor-element-46dc0c11 elementor-widget elementor-widget-text-editor\" data-id=\"46dc0c11\" data-element_type=\"widget\" data-e-type=\"widget\" data-widget_type=\"text-editor.default\">\n\t\t\t\t\t\t\t\t\t<p><a href=\"#pr\">Family Law<\/a><\/p>\t\t\t\t\t\t\t\t<\/div>\n\t\t\t\t<\/div>\n\t\t\t\t\t<\/div>\n\t\t\t\t<\/div>\n\t\t<div class=\"elementor-element elementor-element-cb734d1 e-flex e-con-boxed e-con e-parent\" data-id=\"cb734d1\" data-element_type=\"container\" data-e-type=\"container\" data-settings=\"{&quot;background_background&quot;:&quot;classic&quot;}\">\n\t\t\t\t\t<div class=\"e-con-inner\">\n\t\t<div class=\"elementor-element elementor-element-a36f3da e-con-full e-flex e-con e-child\" data-id=\"a36f3da\" data-element_type=\"container\" data-e-type=\"container\" data-settings=\"{&quot;background_background&quot;:&quot;classic&quot;}\">\n\t\t<div class=\"elementor-element elementor-element-bd86821 e-con-full e-flex e-con e-child\" data-id=\"bd86821\" data-element_type=\"container\" data-e-type=\"container\">\n\t\t\t\t<div class=\"elementor-element elementor-element-5c9cc67 elementor-widget elementor-widget-heading\" data-id=\"5c9cc67\" data-element_type=\"widget\" data-e-type=\"widget\" data-widget_type=\"heading.default\">\n\t\t\t\t\t<h2 class=\"elementor-heading-title elementor-size-default\">Contact<\/h2>\t\t\t\t<\/div>\n\t\t\t\t<div class=\"elementor-element elementor-element-c6ec059 elementor-widget elementor-widget-text-editor\" data-id=\"c6ec059\" data-element_type=\"widget\" data-e-type=\"widget\" data-widget_type=\"text-editor.default\">\n\t\t\t\t\t\t\t\t\t<p><a href=\"tel:+48123456789\">T: +48 12 315 18 41<\/a><\/p>\n<p><a href=\"mailto:office@galaw.pl\">E: office@galaw.pl<\/a><\/p>\t\t\t\t\t\t\t\t<\/div>\n\t\t\t\t<div class=\"elementor-element elementor-element-8b74134 elementor-widget elementor-widget-heading\" data-id=\"8b74134\" data-element_type=\"widget\" data-e-type=\"widget\" data-widget_type=\"heading.default\">\n\t\t\t\t\t<h2 class=\"elementor-heading-title elementor-size-default\">Media<\/h2>\t\t\t\t<\/div>\n\t\t\t\t<div class=\"elementor-element elementor-element-26275eb elementor-widget elementor-widget-text-editor\" data-id=\"26275eb\" data-element_type=\"widget\" data-e-type=\"widget\" data-widget_type=\"text-editor.default\">\n\t\t\t\t\t\t\t\t\t<p><a href=\"\/en\/media\/#wystapienia\">Appearances<\/a><\/p><p><a href=\"\/en\/media\/#publikacje-naukowe\">Academic Publications<\/a><\/p><p><a href=\"\/en\/media\/#publikacje-prasowe\">Press Publications<\/a><\/p>\t\t\t\t\t\t\t\t<\/div>\n\t\t\t\t<\/div>\n\t\t<div class=\"elementor-element elementor-element-b982104 e-con-full e-flex e-con e-child\" data-id=\"b982104\" data-element_type=\"container\" data-e-type=\"container\">\n\t\t\t\t<div class=\"elementor-element elementor-element-8b4403f elementor-widget elementor-widget-text-editor\" data-id=\"8b4403f\" data-element_type=\"widget\" data-e-type=\"widget\" data-widget_type=\"text-editor.default\">\n\t\t\t\t\t\t\t\t\t<p><strong>Cracow Office<\/strong><\/p><p>PL 30-308 Krak\u00f3w<\/p><p>ul. Jana Kili\u0144skiego 2 (Kili\u0144skiego Office)<\/p>\t\t\t\t\t\t\t\t<\/div>\n\t\t\t\t<\/div>\n\t\t\t\t<div class=\"elementor-element elementor-element-dbfa98b elementor-widget elementor-widget-html\" data-id=\"dbfa98b\" data-element_type=\"widget\" data-e-type=\"widget\" data-widget_type=\"html.default\">\n\t\t\t\t\t<div id=\"scroll-to-top\" class=\"stt-button\">\r\n    <svg viewbox=\"0 0 24 24\" xmlns=\"http:\/\/www.w3.org\/2000\/svg\">\r\n        <path d=\"M12 4l-8 8h5v8h6v-8h5z\"\/>\r\n    <\/svg>\r\n<\/div>\r\n\r\n<style>\r\n    \/* Stylistyka przycisku *\/\r\n    .stt-button {\r\n        position: fixed;\r\n        bottom: 30px;\r\n        right: 30px;\r\n        width: 45px;\r\n        height: 45px;\r\n        background-color: #B8CDE0; \/* Tw\u00f3j kolor *\/\r\n        color: white;\r\n        border-radius: 50%;\r\n        display: flex;\r\n        align-items: center;\r\n        justify-content: center;\r\n        cursor: pointer;\r\n        opacity: 0;\r\n        visibility: hidden;\r\n        transition: all 0.3s ease-in-out;\r\n        z-index: 9999;\r\n        box-shadow: 0 4px 12px rgba(0,0,0,0.15);\r\n    }\r\n\r\n    \/* Ikona strza\u0142ki *\/\r\n    .stt-button svg {\r\n        width: 24px;\r\n        height: 24px;\r\n        fill: white;\r\n    }\r\n\r\n    \/* Efekt po najechaniu (Desktop) *\/\r\n    .stt-button:hover {\r\n        transform: translateY(-5px);\r\n        filter: brightness(1.05);\r\n    }\r\n\r\n    \/* Klasa pokazuj\u0105ca przycisk *\/\r\n    .stt-button.show {\r\n        opacity: 1;\r\n        visibility: visible;\r\n    }\r\n\r\n    \/* Dostosowanie dla Mobile *\/\r\n    @media (max-width: 768px) {\r\n        .stt-button {\r\n            bottom: 20px;\r\n            right: 20px;\r\n            width: 40px;\r\n            height: 40px;\r\n        }\r\n    }\r\n<\/style>\r\n\r\n<script>\r\n    document.addEventListener('DOMContentLoaded', function() {\r\n        const scrollBtn = document.getElementById('scroll-to-top');\r\n\r\n        \/\/ Poka\u017c\/ukryj przycisk przy skrolowaniu\r\n        window.addEventListener('scroll', () => {\r\n            if (window.pageYOffset > 300) {\r\n                scrollBtn.classList.add('show');\r\n            } else {\r\n                scrollBtn.classList.remove('show');\r\n            }\r\n        });\r\n\r\n        \/\/ P\u0142ynne przewijanie do g\u00f3ry po klikni\u0119ciu\r\n        scrollBtn.addEventListener('click', () => {\r\n            window.scrollTo({\r\n                top: 0,\r\n                behavior: 'smooth'\r\n            });\r\n        });\r\n    });\r\n<\/script>\t\t\t\t<\/div>\n\t\t<div class=\"elementor-element elementor-element-3668134 e-con-full e-flex e-con e-child\" data-id=\"3668134\" data-element_type=\"container\" data-e-type=\"container\">\n\t\t\t\t<div class=\"elementor-element elementor-element-d59cfcd elementor-widget elementor-widget-text-editor\" data-id=\"d59cfcd\" data-element_type=\"widget\" data-e-type=\"widget\" data-widget_type=\"text-editor.default\">\n\t\t\t\t\t\t\t\t\t<p><strong>Warsaw Office<\/strong><\/p><p>PL 00-876 Warszawa<\/p><p>ul. Ogrodowa 58 (Ogrodowa City Gate)<\/p>\t\t\t\t\t\t\t\t<\/div>\n\t\t\t\t<\/div>\n\t\t\t\t<\/div>\n\t\t\t\t\t<\/div>\n\t\t\t\t<\/div>\n\t\t\t\t<\/div>","protected":false},"excerpt":{"rendered":"<p>Specjalizacje Obs\u0142uga prawna podmiot\u00f3w gospodarczych Prawo sp\u00f3\u0142ek Umowy w obrocie gospodarczym Restrukturyzacje i upad\u0142o\u015bci Projekty interdyscyplinarne Prawo karne Nieruchomo\u015bci Spory s\u0105dowe i windykacja RODO i ochrona danych ESG Prawo rodzinne Obs\u0142uga prawna podmiot\u00f3w gospodarczych Posiadamy wieloletnie do\u015bwiadczenie w obs\u0142udze przedsi\u0119biorc\u00f3w. Doradzamy Klientom na ka\u017cdym etapie rozwoju biznesu, od rozpocz\u0119cia dzia\u0142alno\u015bci gospodarczej i wyboru optymalnej formy [&hellip;]<\/p>\n","protected":false},"author":1,"featured_media":0,"parent":0,"menu_order":0,"comment_status":"closed","ping_status":"closed","template":"elementor_header_footer","meta":{"footnotes":""},"class_list":["post-21","page","type-page","status-publish","hentry"],"yoast_head":"<!-- This site is optimized with the Yoast SEO plugin v27.3 - https:\/\/yoast.com\/product\/yoast-seo-wordpress\/ -->\n<title>Specjalizacje - GA Law | Kancelaria Adwokacka<\/title>\n<meta name=\"description\" content=\"Prawo gospodarcze, restrukturyzacje, upad\u0142o\u015bci, nieruchomo\u015bci, RODO, ESG i prawo karne. Kompleksowa obs\u0142uga prawna biznesu.\" \/>\n<meta name=\"robots\" content=\"index, follow, max-snippet:-1, max-image-preview:large, max-video-preview:-1\" \/>\n<link rel=\"canonical\" href=\"https:\/\/galaw.pl\/en\/areas-of-practice\/\" \/>\n<meta property=\"og:locale\" content=\"en_GB\" \/>\n<meta property=\"og:type\" content=\"article\" \/>\n<meta property=\"og:title\" content=\"Specjalizacje - GA Law | Kancelaria Adwokacka\" \/>\n<meta property=\"og:description\" content=\"Prawo gospodarcze, restrukturyzacje, upad\u0142o\u015bci, nieruchomo\u015bci, RODO, ESG i prawo karne. Kompleksowa obs\u0142uga prawna biznesu.\" \/>\n<meta property=\"og:url\" content=\"https:\/\/galaw.pl\/en\/areas-of-practice\/\" \/>\n<meta property=\"og:site_name\" content=\"GA Law | Kancelaria Adwokacka\" \/>\n<meta property=\"article:modified_time\" content=\"2026-03-13T12:50:19+00:00\" \/>\n<meta name=\"twitter:card\" content=\"summary_large_image\" \/>\n<meta name=\"twitter:label1\" content=\"Estimated reading time\" \/>\n\t<meta name=\"twitter:data1\" content=\"5 minutes\" \/>\n<script type=\"application\/ld+json\" class=\"yoast-schema-graph\">{\"@context\":\"https:\\\/\\\/schema.org\",\"@graph\":[{\"@type\":\"WebPage\",\"@id\":\"https:\\\/\\\/galaw.pl\\\/specjalizacje\\\/\",\"url\":\"https:\\\/\\\/galaw.pl\\\/specjalizacje\\\/\",\"name\":\"Specjalizacje - GA Law | Kancelaria Adwokacka\",\"isPartOf\":{\"@id\":\"https:\\\/\\\/galaw.pl\\\/#website\"},\"datePublished\":\"2026-02-02T15:00:24+00:00\",\"dateModified\":\"2026-03-13T12:50:19+00:00\",\"description\":\"Prawo gospodarcze, restrukturyzacje, upad\u0142o\u015bci, nieruchomo\u015bci, RODO, ESG i prawo karne. Kompleksowa obs\u0142uga prawna biznesu.\",\"breadcrumb\":{\"@id\":\"https:\\\/\\\/galaw.pl\\\/specjalizacje\\\/#breadcrumb\"},\"inLanguage\":\"en-GB\",\"potentialAction\":[{\"@type\":\"ReadAction\",\"target\":[\"https:\\\/\\\/galaw.pl\\\/specjalizacje\\\/\"]}]},{\"@type\":\"BreadcrumbList\",\"@id\":\"https:\\\/\\\/galaw.pl\\\/specjalizacje\\\/#breadcrumb\",\"itemListElement\":[{\"@type\":\"ListItem\",\"position\":1,\"name\":\"Home\",\"item\":\"https:\\\/\\\/galaw.pl\\\/\"},{\"@type\":\"ListItem\",\"position\":2,\"name\":\"Specjalizacje\"}]},{\"@type\":\"WebSite\",\"@id\":\"https:\\\/\\\/galaw.pl\\\/#website\",\"url\":\"https:\\\/\\\/galaw.pl\\\/\",\"name\":\"GA Law | Kancelaria Adwokacka\",\"description\":\"Kancelaria Adwokacka Gradzi Arter | Krak\u00f3w\",\"publisher\":{\"@id\":\"https:\\\/\\\/galaw.pl\\\/#organization\"},\"potentialAction\":[{\"@type\":\"SearchAction\",\"target\":{\"@type\":\"EntryPoint\",\"urlTemplate\":\"https:\\\/\\\/galaw.pl\\\/?s={search_term_string}\"},\"query-input\":{\"@type\":\"PropertyValueSpecification\",\"valueRequired\":true,\"valueName\":\"search_term_string\"}}],\"inLanguage\":\"en-GB\"},{\"@type\":\"Organization\",\"@id\":\"https:\\\/\\\/galaw.pl\\\/#organization\",\"name\":\"Gradzi Arter Law | Kancelaria Adwokacka\",\"url\":\"https:\\\/\\\/galaw.pl\\\/\",\"logo\":{\"@type\":\"ImageObject\",\"inLanguage\":\"en-GB\",\"@id\":\"https:\\\/\\\/galaw.pl\\\/#\\\/schema\\\/logo\\\/image\\\/\",\"url\":\"https:\\\/\\\/galaw.pl\\\/wp-content\\\/uploads\\\/2026\\\/02\\\/logo_final.png\",\"contentUrl\":\"https:\\\/\\\/galaw.pl\\\/wp-content\\\/uploads\\\/2026\\\/02\\\/logo_final.png\",\"width\":1852,\"height\":1168,\"caption\":\"Gradzi Arter Law | Kancelaria Adwokacka\"},\"image\":{\"@id\":\"https:\\\/\\\/galaw.pl\\\/#\\\/schema\\\/logo\\\/image\\\/\"}}]}<\/script>\n<!-- \/ Yoast SEO plugin. -->","yoast_head_json":{"title":"Areas of Practice - GA Law | Law Firm","description":"Comercial law, restructuring, insolvency, properties, GDPR, ESG, and criminal law. Comprehensive legal services for bussiness.","robots":{"index":"index","follow":"follow","max-snippet":"max-snippet:-1","max-image-preview":"max-image-preview:large","max-video-preview":"max-video-preview:-1"},"canonical":"https:\/\/galaw.pl\/en\/areas-of-practice\/","og_locale":"en_GB","og_type":"article","og_title":"Specjalizacje - GA Law | Kancelaria Adwokacka","og_description":"Prawo gospodarcze, restrukturyzacje, upad\u0142o\u015bci, nieruchomo\u015bci, RODO, ESG i prawo karne. Kompleksowa obs\u0142uga prawna biznesu.","og_url":"https:\/\/galaw.pl\/en\/areas-of-practice\/","og_site_name":"GA Law | Kancelaria Adwokacka","article_modified_time":"2026-03-13T12:50:19+00:00","twitter_card":"summary_large_image","twitter_misc":{"Estimated reading time":"5 minutes"},"schema":{"@context":"https:\/\/schema.org","@graph":[{"@type":"WebPage","@id":"https:\/\/galaw.pl\/specjalizacje\/","url":"https:\/\/galaw.pl\/specjalizacje\/","name":"Areas of Practice - GA Law | Law Firm","isPartOf":{"@id":"https:\/\/galaw.pl\/#website"},"datePublished":"2026-02-02T15:00:24+00:00","dateModified":"2026-03-13T12:50:19+00:00","description":"Comercial law, restructuring, insolvency, properties, GDPR, ESG, and criminal law. Comprehensive legal services for bussiness.","breadcrumb":{"@id":"https:\/\/galaw.pl\/specjalizacje\/#breadcrumb"},"inLanguage":"en-GB","potentialAction":[{"@type":"ReadAction","target":["https:\/\/galaw.pl\/specjalizacje\/"]}]},{"@type":"BreadcrumbList","@id":"https:\/\/galaw.pl\/specjalizacje\/#breadcrumb","itemListElement":[{"@type":"ListItem","position":1,"name":"Home","item":"https:\/\/galaw.pl\/"},{"@type":"ListItem","position":2,"name":"Specjalizacje"}]},{"@type":"WebSite","@id":"https:\/\/galaw.pl\/#website","url":"https:\/\/galaw.pl\/","name":"GA Law | Law Firm","description":"Kancelaria Adwokacka Gradzi Arter | Krak\u00f3w","publisher":{"@id":"https:\/\/galaw.pl\/#organization"},"potentialAction":[{"@type":"SearchAction","target":{"@type":"EntryPoint","urlTemplate":"https:\/\/galaw.pl\/?s={search_term_string}"},"query-input":{"@type":"PropertyValueSpecification","valueRequired":true,"valueName":"search_term_string"}}],"inLanguage":"en-GB"},{"@type":"Organization","@id":"https:\/\/galaw.pl\/#organization","name":"Gradzi Arter Law | Kancelaria Adwokacka","url":"https:\/\/galaw.pl\/","logo":{"@type":"ImageObject","inLanguage":"en-GB","@id":"https:\/\/galaw.pl\/#\/schema\/logo\/image\/","url":"https:\/\/galaw.pl\/wp-content\/uploads\/2026\/02\/logo_final.png","contentUrl":"https:\/\/galaw.pl\/wp-content\/uploads\/2026\/02\/logo_final.png","width":1852,"height":1168,"caption":"Gradzi Arter Law | Kancelaria Adwokacka"},"image":{"@id":"https:\/\/galaw.pl\/#\/schema\/logo\/image\/"}}]}},"_links":{"self":[{"href":"https:\/\/galaw.pl\/en\/wp-json\/wp\/v2\/pages\/21","targetHints":{"allow":["GET"]}}],"collection":[{"href":"https:\/\/galaw.pl\/en\/wp-json\/wp\/v2\/pages"}],"about":[{"href":"https:\/\/galaw.pl\/en\/wp-json\/wp\/v2\/types\/page"}],"author":[{"embeddable":true,"href":"https:\/\/galaw.pl\/en\/wp-json\/wp\/v2\/users\/1"}],"replies":[{"embeddable":true,"href":"https:\/\/galaw.pl\/en\/wp-json\/wp\/v2\/comments?post=21"}],"version-history":[{"count":154,"href":"https:\/\/galaw.pl\/en\/wp-json\/wp\/v2\/pages\/21\/revisions"}],"predecessor-version":[{"id":1431,"href":"https:\/\/galaw.pl\/en\/wp-json\/wp\/v2\/pages\/21\/revisions\/1431"}],"wp:attachment":[{"href":"https:\/\/galaw.pl\/en\/wp-json\/wp\/v2\/media?parent=21"}],"curies":[{"name":"wp","href":"https:\/\/api.w.org\/{rel}","templated":true}]}}